{"id":415,"date":"2021-04-08T19:54:04","date_gmt":"2021-04-08T17:54:04","guid":{"rendered":"http:\/\/ikvdhtc.cluster029.hosting.ovh.net\/?page_id=415"},"modified":"2025-12-12T17:50:11","modified_gmt":"2025-12-12T16:50:11","slug":"actualite","status":"publish","type":"page","link":"https:\/\/www.les-borders-et-nous.com\/index.php\/actualite\/","title":{"rendered":"Actualit\u00e9s"},"content":{"rendered":"\n<figure class=\"wp-block-gallery aligncenter has-nested-images columns-default is-cropped wp-block-gallery-1 is-layout-flex wp-block-gallery-is-layout-flex\"><figcaption class=\"blocks-gallery-caption wp-element-caption\"><img loading=\"lazy\" decoding=\"async\" width=\"16\" height=\"16\" class=\"wp-image-3876\" style=\"width: 16px;\" src=\"https:\/\/www.les-borders-et-nous.com\/wp-content\/uploads\/2025\/04\/image-2.png\" alt=\"\"> <strong>REJOIGNEZ NOUS !!! <\/strong><img loading=\"lazy\" decoding=\"async\" width=\"16\" height=\"16\" class=\"wp-image-3876\" style=\"width: 16px;\" src=\"https:\/\/www.les-borders-et-nous.com\/wp-content\/uploads\/2025\/04\/image-2.png\" alt=\"\"><\/figcaption><\/figure>\n\n\n\n<p><\/p>\n\n\n\n<div class=\"wp-block-group is-vertical is-content-justification-center is-layout-flex wp-container-core-group-is-layout-4b2eccd6 wp-block-group-is-layout-flex\">\n<p class=\"has-text-align-center\"><mark style=\"background-color:rgba(0, 0, 0, 0)\" class=\"has-inline-color has-colibri-color-2-color\"><img loading=\"lazy\" decoding=\"async\" width=\"16\" height=\"16\" class=\"wp-image-3874\" style=\"width: 16px;\" src=\"https:\/\/www.les-borders-et-nous.com\/wp-content\/uploads\/2025\/04\/image.png\" alt=\"\"> <strong>Devenez Famille d\u2019Accueil et Sauvez un Border Collie !<\/strong><\/mark> <img loading=\"lazy\" decoding=\"async\" width=\"16\" height=\"16\" class=\"wp-image-3874\" style=\"width: 16px;\" src=\"https:\/\/www.les-borders-et-nous.com\/wp-content\/uploads\/2025\/04\/image.png\" alt=\"\"><\/p>\n<\/div>\n\n\n\n<div class=\"wp-block-group is-vertical is-layout-flex wp-container-core-group-is-layout-8cf370e7 wp-block-group-is-layout-flex\">\n<p class=\"has-text-align-center\"><img loading=\"lazy\" decoding=\"async\" width=\"16\" height=\"16\" class=\"wp-image-3875\" style=\"width: 16px;\" src=\"https:\/\/www.les-borders-et-nous.com\/wp-content\/uploads\/2025\/04\/image-1.png\" alt=\"\"> L\u2019Association Les Borders Et Nous (LBEN) recherche des familles d\u2019accueil pour offrir une seconde chance \u00e0 des Borders Collies en d\u00e9tresse. <img loading=\"lazy\" decoding=\"async\" width=\"16\" height=\"16\" class=\"wp-image-3875\" style=\"width: 16px;\" src=\"https:\/\/www.les-borders-et-nous.com\/wp-content\/uploads\/2025\/04\/image-1.png\" alt=\"\"><\/p>\n\n\n\n<p class=\"has-text-align-center\"><img loading=\"lazy\" decoding=\"async\" width=\"16\" height=\"16\" class=\"wp-image-3876\" style=\"width: 16px;\" src=\"https:\/\/www.les-borders-et-nous.com\/wp-content\/uploads\/2025\/04\/image-2.png\" alt=\"\"> Pourquoi avons-nous besoin de vous ? Chaque jour, des Border Collies et crois\u00e9s se retrouvent en situation d\u2019urgence, abandonn\u00e9s ou dans l\u2019incapacit\u00e9 d\u2019\u00eatre gard\u00e9s par leurs propri\u00e9taires. Pour leur \u00e9viter le pire, nous avons besoin de familles bienveillantes pr\u00eates \u00e0 les accueillir temporairement jusqu\u2019\u00e0 leur adoption.<\/p>\n\n\n\n<p class=\"has-text-align-center\"><img loading=\"lazy\" decoding=\"async\" width=\"16\" height=\"16\" class=\"wp-image-3877\" style=\"width: 16px;\" src=\"https:\/\/www.les-borders-et-nous.com\/wp-content\/uploads\/2025\/04\/image-3.png\" alt=\"\"> Votre r\u00f4le en tant que famille d\u2019accueil<\/p>\n\n\n\n<p class=\"has-text-align-center\"><img loading=\"lazy\" decoding=\"async\" width=\"16\" height=\"16\" class=\"wp-image-3878\" style=\"width: 16px;\" src=\"https:\/\/www.les-borders-et-nous.com\/wp-content\/uploads\/2025\/04\/image-4.png\" alt=\"\"> Offrir un toit et de la s\u00e9curit\u00e9 \u00e0 un chien en attente d\u2019une famille d\u00e9finitive<\/p>\n\n\n\n<p class=\"has-text-align-center\"><img loading=\"lazy\" decoding=\"async\" width=\"16\" height=\"16\" class=\"wp-image-3878\" style=\"width: 16px;\" src=\"https:\/\/www.les-borders-et-nous.com\/wp-content\/uploads\/2025\/04\/image-4.png\" alt=\"\"> R\u00e9pondre \u00e0 ses besoins : le nourrir, le promener, lui apporter de l\u2019amour et du repos<\/p>\n\n\n\n<p class=\"has-text-align-center\"><img loading=\"lazy\" decoding=\"async\" width=\"16\" height=\"16\" class=\"wp-image-3878\" style=\"width: 16px;\" src=\"https:\/\/www.les-borders-et-nous.com\/wp-content\/uploads\/2025\/04\/image-4.png\" alt=\"\"> L\u2019aider \u00e0 se reconstruire : certains chiens ont v\u00e9cu des \u00e9preuves difficiles, votre patience et votre bienveillance seront pr\u00e9cieuses<\/p>\n\n\n\n<p class=\"has-text-align-center\"><img loading=\"lazy\" decoding=\"async\" width=\"16\" height=\"16\" class=\"wp-image-3879\" style=\"width: 16px;\" src=\"https:\/\/www.les-borders-et-nous.com\/wp-content\/uploads\/2025\/04\/image-5.png\" alt=\"\"> Quelle dur\u00e9e d\u2019accueil ? La dur\u00e9e varie de quelques jours \u00e0 plusieurs mois, mais en moyenne, un chien reste 3 semaines en famille d\u2019accueil.<\/p>\n\n\n\n<p><img loading=\"lazy\" decoding=\"async\" width=\"16\" height=\"16\" class=\"wp-image-3880\" style=\"width: 16px;\" src=\"https:\/\/www.les-borders-et-nous.com\/wp-content\/uploads\/2025\/04\/image-6.png\" alt=\"\"> Qui prend en charge les frais ? Chez LBEN, vous avez le choix :<\/p>\n\n\n\n<p><img loading=\"lazy\" decoding=\"async\" width=\"16\" height=\"16\" class=\"wp-image-3881\" style=\"width: 16px;\" src=\"https:\/\/www.les-borders-et-nous.com\/wp-content\/uploads\/2025\/04\/image-7.png\" alt=\"\"> Prendre en charge une partie ou la totalit\u00e9 des frais<\/p>\n\n\n\n<p><img loading=\"lazy\" decoding=\"async\" width=\"16\" height=\"16\" class=\"wp-image-3881\" style=\"width: 16px;\" src=\"https:\/\/www.les-borders-et-nous.com\/wp-content\/uploads\/2025\/04\/image-7.png\" alt=\"\"> \u00catre enti\u00e8rement pris en charge par l\u2019association<\/p>\n\n\n\n<p class=\"has-text-align-center\"><img loading=\"lazy\" decoding=\"async\" width=\"16\" height=\"16\" class=\"wp-image-3882\" style=\"width: 16px;\" src=\"https:\/\/www.les-borders-et-nous.com\/wp-content\/uploads\/2025\/04\/image-8.png\" alt=\"\"> Un engagement encadr\u00e9 et accompagn\u00e9<\/p>\n\n\n\n<p class=\"has-text-align-center\"><img loading=\"lazy\" decoding=\"async\" width=\"16\" height=\"16\" class=\"wp-image-3883\" style=\"width: 16px;\" src=\"https:\/\/www.les-borders-et-nous.com\/wp-content\/uploads\/2025\/04\/image-9.png\" alt=\"\"> Nous vous accompagnons \u00e0 chaque \u00e9tape ! Vous ne serez jamais seuls : notre \u00e9quipe est l\u00e0 pour r\u00e9pondre \u00e0 vos questions, vous guider et vous conseiller.<\/p>\n\n\n\n<p class=\"has-text-align-center\"><img loading=\"lazy\" decoding=\"async\" width=\"16\" height=\"16\" class=\"wp-image-3884\" style=\"width: 16px;\" src=\"https:\/\/www.les-borders-et-nous.com\/wp-content\/uploads\/2025\/04\/image-10.png\" alt=\"\"> Un contrat clair et s\u00e9curis\u00e9, r\u00e9dig\u00e9 avec des avocats en droit animal, prot\u00e8ge \u00e0 la fois la famille d\u2019accueil, le chien et l\u2019association.<\/p>\n\n\n\n<p class=\"has-text-align-center\"><img loading=\"lazy\" decoding=\"async\" width=\"16\" height=\"16\" class=\"wp-image-3885\" style=\"width: 16px;\" src=\"https:\/\/www.les-borders-et-nous.com\/wp-content\/uploads\/2025\/04\/image-11.png\" alt=\"\"> Vous h\u00e9sitez ? Des questions ? Nous comprenons vos doutes ! Devenir famille d\u2019accueil est une belle mission qui peut soulever des interrogations. Contactez-nous, nous prendrons le temps de r\u00e9pondre \u00e0 toutes vos questions !<\/p>\n\n\n\n<p class=\"has-text-align-center\"><mark style=\"background-color:rgba(0, 0, 0, 0)\" class=\"has-inline-color has-colibri-color-6-color\"><img loading=\"lazy\" decoding=\"async\" width=\"16\" height=\"16\" class=\"wp-image-3886\" style=\"width: 16px;\" src=\"https:\/\/www.les-borders-et-nous.com\/wp-content\/uploads\/2025\/04\/image-12.png\" alt=\"\"> Ouvrez votre c\u0153ur et votre foyer : chaque accueil sauve une vie. <img loading=\"lazy\" decoding=\"async\" width=\"16\" height=\"16\" class=\"wp-image-3886\" style=\"width: 16px;\" src=\"https:\/\/www.les-borders-et-nous.com\/wp-content\/uploads\/2025\/04\/image-12.png\" alt=\"\"><\/mark><\/p>\n\n\n\n<p class=\"has-text-align-center\"><img loading=\"lazy\" decoding=\"async\" width=\"16\" height=\"16\" class=\"wp-image-3887\" style=\"width: 16px;\" src=\"https:\/\/www.les-borders-et-nous.com\/wp-content\/uploads\/2025\/04\/image-13.png\" alt=\"\"> Envie d\u2019en savoir plus ? \u00c9crivez-nous d\u00e8s maintenant !<\/p>\n<\/div>\n\n\n\n<p><\/p>\n\n\n\n<p class=\"has-text-align-center\"><\/p>\n\n\n\n<figure class=\"wp-block-gallery has-nested-images columns-default is-cropped wp-block-gallery-2 is-layout-flex wp-block-gallery-is-layout-flex\"><\/figure>\n\n\n\n<div class=\"wp-block-group is-vertical is-content-justification-center is-layout-flex wp-container-core-group-is-layout-4b2eccd6 wp-block-group-is-layout-flex\">\n<div class=\"wp-block-group is-vertical is-layout-flex wp-container-core-group-is-layout-8cf370e7 wp-block-group-is-layout-flex\"><\/div>\n\n\n\n<p><\/p>\n\n\n<div class=\"wp-block-image is-resized\">\n<figure class=\"aligncenter size-large\"><img loading=\"lazy\" decoding=\"async\" width=\"960\" height=\"640\" src=\"https:\/\/www.les-borders-et-nous.com\/wp-content\/uploads\/2021\/04\/IMG_3617.jpg\" alt=\"\" class=\"wp-image-794\" srcset=\"https:\/\/www.les-borders-et-nous.com\/wp-content\/uploads\/2021\/04\/IMG_3617.jpg 960w, https:\/\/www.les-borders-et-nous.com\/wp-content\/uploads\/2021\/04\/IMG_3617-300x200.jpg 300w, https:\/\/www.les-borders-et-nous.com\/wp-content\/uploads\/2021\/04\/IMG_3617-768x512.jpg 768w\" sizes=\"auto, (max-width: 960px) 100vw, 960px\" \/><figcaption class=\"wp-element-caption\"><strong><em>JACKSON <\/em><\/strong><\/figcaption><\/figure>\n<\/div><\/div>\n\n\n\n<h6 class=\"wp-block-heading has-text-align-center\">Association Les Borders Et Nous &#8211; Inscrite au Tribunal Judiciaire de SARREGUEMINES&nbsp;<\/h6>\n\n\n\n<h6 class=\"wp-block-heading has-text-align-center\">Num\u00e9ro SIRET 899 622 351 00026<\/h6>\n","protected":false},"excerpt":{"rendered":"<p>Devenez Famille d\u2019Accueil et Sauvez un Border Collie ! L\u2019Association Les Borders Et Nous (LBEN) recherche des familles d\u2019accueil pour offrir une seconde chance \u00e0 des Borders Collies en d\u00e9tresse. Pourquoi avons-nous besoin de vous ? Chaque jour, des Border Collies et crois\u00e9s se retrouvent en situation d\u2019urgence, abandonn\u00e9s ou dans l\u2019incapacit\u00e9 d\u2019\u00eatre gard\u00e9s par [&hellip;]<\/p>\n","protected":false},"author":1,"featured_media":0,"parent":0,"menu_order":0,"comment_status":"closed","ping_status":"closed","template":"","meta":{"footnotes":""},"class_list":["post-415","page","type-page","status-publish","hentry"],"_links":{"self":[{"href":"https:\/\/www.les-borders-et-nous.com\/index.php\/wp-json\/wp\/v2\/pages\/415","targetHints":{"allow":["GET"]}}],"collection":[{"href":"https:\/\/www.les-borders-et-nous.com\/index.php\/wp-json\/wp\/v2\/pages"}],"about":[{"href":"https:\/\/www.les-borders-et-nous.com\/index.php\/wp-json\/wp\/v2\/types\/page"}],"author":[{"embeddable":true,"href":"https:\/\/www.les-borders-et-nous.com\/index.php\/wp-json\/wp\/v2\/users\/1"}],"replies":[{"embeddable":true,"href":"https:\/\/www.les-borders-et-nous.com\/index.php\/wp-json\/wp\/v2\/comments?post=415"}],"version-history":[{"count":28,"href":"https:\/\/www.les-borders-et-nous.com\/index.php\/wp-json\/wp\/v2\/pages\/415\/revisions"}],"predecessor-version":[{"id":4266,"href":"https:\/\/www.les-borders-et-nous.com\/index.php\/wp-json\/wp\/v2\/pages\/415\/revisions\/4266"}],"wp:attachment":[{"href":"https:\/\/www.les-borders-et-nous.com\/index.php\/wp-json\/wp\/v2\/media?parent=415"}],"curies":[{"name":"wp","href":"https:\/\/api.w.org\/{rel}","templated":true}]}}